{"id":87678,"date":"2020-11-25T15:00:19","date_gmt":"2020-11-25T14:00:19","guid":{"rendered":"http:\/\/adr-cablepark.fr\/?page_id=87678"},"modified":"2026-02-10T09:52:17","modified_gmt":"2026-02-10T08:52:17","slug":"horaires","status":"publish","type":"page","link":"https:\/\/adr-cablepark.fr\/?page_id=87678","title":{"rendered":"Horaires"},"content":{"rendered":"<p>[vc_row][vc_column width=\u00a0\u00bb1\/2&Prime;][vc_single_image media=\u00a0\u00bb87742&Prime; media_width_percent=\u00a0\u00bb100&Prime;][\/vc_column][vc_column width=\u00a0\u00bb1\/2&Prime;][vc_custom_heading]Nos horaires[\/vc_custom_heading][vc_message message_color=\u00a0\u00bbcolor-prif\u00a0\u00bb]<\/p>\n<p>R\u00e9ouverture le 14 mars 2026<br \/>Ouvert les jours f\u00e9ri\u00e9s<\/p>\n<p>[\/vc_message][vc_tabs][vc_tab gutter_size=\u00a0\u00bb2&Prime; column_padding=\u00a0\u00bb2&Prime; title=\u00a0\u00bbMARS\u00a0\u00bb tab_id=\u00a0\u00bb1606498012-1-63&Prime;][vc_column_text]VENDREDI | 14h-19h<br \/>\nSAMEDI | 14h-18h<br \/>\nDIMANCHE | 14h-18h[\/vc_column_text][\/vc_tab][vc_tab gutter_size=\u00a0\u00bb2&Prime; column_padding=\u00a0\u00bb2&Prime; title=\u00a0\u00bbAVRIL\u00a0\u00bb tab_id=\u00a0\u00bb1606498012-2-56&Prime;][vc_column_text]<\/p>\n<p>LUNDI | FERM\u00c9<br \/>MARDI | FERM\u00c9<br \/>MERCREDI | 15h-19h<br \/>JEUDI | 14h-19h<br \/>VENDREDI | 14h-19h<br \/>SAMEDI | 14h-18h<br \/>DIMANCHE | 14h-18H<\/p>\n<p>Fermeture \u00e9ventuelle = v\u00e9rifier sur Instagram @wakepark_advance_ride[\/vc_column_text][\/vc_tab][vc_tab gutter_size=\u00a0\u00bb2&Prime; column_padding=\u00a0\u00bb2&Prime; tab_id=\u00a0\u00bb87441be0-c9a7-2&Prime; title=\u00a0\u00bbMAI\u00a0\u00bb][vc_column_text]<\/p>\n<p>LUNDI | FERM\u00c9<br \/>MARDI | FERM\u00c9<br \/>MERCREDI | 15h-19h30<br \/>JEUDI | 14h-21h<br \/>VENDREDI | 14h-19h30<br \/>SAMEDI | 10h-12h30 \/\/ 13h30-18h<br \/>DIMANCHE | 10h-12h30 \/\/ 13h30-18h<\/p>\n<p>Fermeture \u00e9ventuelle = v\u00e9rifier sur Instagram @wakepark_advance_ride<\/p>\n<p>[\/vc_column_text][\/vc_tab][vc_tab gutter_size=\u00a0\u00bb2&Prime; column_padding=\u00a0\u00bb2&Prime; tab_id=\u00a0\u00bba82d7b29-de40-3&Prime; title=\u00a0\u00bbJUIN\u00a0\u00bb][vc_column_text]<\/p>\n<p>LUNDI | FERM\u00c9<br \/>MARDI | FERM\u00c9<br \/>MERCREDI | 15h-19h30<br \/>JEUDI | 14h-21h<br \/>VENDREDI | 14h-19h30<br \/>SAMEDI | 10h-12h30 \/\/ 13h30-18h<br \/>DIMANCHE | 10h-12h30 \/\/ 13h30-18h<\/p>\n<p>Fermeture \u00e9ventuelle = v\u00e9rifier sur Instagram @wakepark_advance_ride<\/p>\n<p>[\/vc_column_text][\/vc_tab][vc_tab gutter_size=\u00a0\u00bb2&Prime; column_padding=\u00a0\u00bb2&Prime; tab_id=\u00a0\u00bb061a8ed6-ac97-4&Prime; title=\u00a0\u00bbJUILLET\u00a0\u00bb][vc_column_text]<\/p>\n<p>LUNDI | 14h-19h30<br \/>MARDI | 14h-19h30<br \/>MERCREDI | 14h-21h<br \/>JEUDI | 14h-21h<br \/>VENDREDI | 14h-19h30<br \/>SAMEDI | 10h-12h30 \/\/ 13h30-18h<br \/>DIMANCHE | 10h-12h30 \/\/ 13h30-18h<\/p>\n<p>Fermeture \u00e9ventuelle = v\u00e9rifier sur Instagram @wakepark_advance_ride<\/p>\n<p>[\/vc_column_text][\/vc_tab][vc_tab gutter_size=\u00a0\u00bb2&Prime; column_padding=\u00a0\u00bb2&Prime; tab_id=\u00a0\u00bb73adce6e-d4bc-5&Prime; title=\u00a0\u00bbAOUT\u00a0\u00bb][vc_column_text]<\/p>\n<p>LUNDI | 14h-19h30<br \/>MARDI | 14h-19h30<br \/>MERCREDI | 15h-21h<br \/>JEUDI | 14h-21h<br \/>VENDREDI | 14h-19h30<br \/>SAMEDI | 10h-12h30 \/\/ 13h30-18h<br \/>DIMANCHE | 10h-12h30 \/\/ 13h30-18h<\/p>\n<p>Fermeture \u00e9ventuelle = v\u00e9rifier sur Instagram @wakepark_advance_ride<\/p>\n<p>[\/vc_column_text][\/vc_tab][vc_tab gutter_size=\u00a0\u00bb2&Prime; column_padding=\u00a0\u00bb2&Prime; tab_id=\u00a0\u00bb8649e42b-641c-6&Prime; title=\u00a0\u00bbSEPTEMBRE\u00a0\u00bb][vc_column_text]<\/p>\n<p>LUNDI | FERM\u00c9<br \/>MARDI | FERM\u00c9<br \/>MERCREDI | 15h-19h30<br \/>JEUDI | 14h-21h<br \/>VENDREDI | 14h-19h30<br \/>SAMEDI | 10h-12h30 \/\/ 13h30-18h<br \/>DIMANCHE | 10h-12h30 \/\/ 13h30-18h<\/p>\n<p>Fermeture \u00e9ventuelle = v\u00e9rifier sur Instagram @wakepark_advance_ride<\/p>\n<p>[\/vc_column_text][\/vc_tab][vc_tab gutter_size=\u00a0\u00bb2&Prime; column_padding=\u00a0\u00bb2&Prime; tab_id=\u00a0\u00bb3305a6ea-6bf5-8&Prime; title=\u00a0\u00bbOCTOBRE\u00a0\u00bb][vc_column_text]<\/p>\n<p>LUNDI | FERM\u00c9<br \/>MARDI | FERM\u00c9<br \/>MERCREDI | 15h-19h<br \/>JEUDI | 14h-19h<br \/>VENDREDI | 14h-19h<br \/>SAMEDI | 14h-18h<br \/>DIMANCHE | 14h-18h<\/p>\n<p>Fermeture \u00e9ventuelle = v\u00e9rifier sur Instagram @wakepark_advance_ride<\/p>\n<p>[\/vc_column_text][\/vc_tab][vc_tab gutter_size=\u00a0\u00bb2&Prime; column_padding=\u00a0\u00bb2&Prime; tab_id=\u00a0\u00bbf1c1a923-b3ad-9&Prime; title=\u00a0\u00bbNOVEMBRE \/ DECEMBRE\u00a0\u00bb][vc_column_text]OUVERT EN FONCTION DES CONDITIONS METEO (suivre sur Instagram @wakepark_advance_ride en \u00ab\u00a0Story \u00e0 la Une\u00a0\u00bb)[\/vc_column_text][\/vc_tab][\/vc_tabs][\/vc_column][\/vc_row]<\/p>\n","protected":false},"excerpt":{"rendered":"<p>[vc_row][vc_column width=\u00a0\u00bb1\/2&Prime;][vc_single_image media=\u00a0\u00bb87742&Prime; media_width_percent=\u00a0\u00bb100&Prime;][\/vc_column][vc_column width=\u00a0\u00bb1\/2&Prime;][vc_custom_heading]Nos horaires[\/vc_custom_heading][vc_message message_color=\u00a0\u00bbcolor-prif\u00a0\u00bb] R\u00e9ouverture le 14 mars 2026Ouvert les jours f\u00e9ri\u00e9s [\/vc_message][vc_tabs][vc_tab gutter_size=\u00a0\u00bb2&Prime; column_padding=\u00a0\u00bb2&Prime; title=\u00a0\u00bbMARS\u00a0\u00bb tab_id=\u00a0\u00bb1606498012-1-63&Prime;][vc_column_text]VENDREDI [&hellip;]<\/p>\n","protected":false},"author":1,"featured_media":0,"parent":0,"menu_order":0,"comment_status":"closed","ping_status":"closed","template":"","meta":{"spay_email":"","footnotes":""},"class_list":["post-87678","page","type-page","status-publish","hentry"],"yoast_head":"<!-- This site is optimized with the Yoast SEO plugin v16.3 - https:\/\/yoast.com\/wordpress\/plugins\/seo\/ -->\n<title>Horaires - Advance Ride<\/title>\n<meta name=\"robots\" content=\"index, follow, max-snippet:-1, max-image-preview:large, max-video-preview:-1\" \/>\n<link rel=\"canonical\" href=\"https:\/\/adr-cablepark.fr\/?page_id=87678\" \/>\n<meta property=\"og:locale\" content=\"fr_FR\" \/>\n<meta property=\"og:type\" content=\"article\" \/>\n<meta property=\"og:title\" content=\"Horaires - Advance Ride\" \/>\n<meta property=\"og:description\" content=\"[vc_row][vc_column width=\u00a0\u00bb1\/2&Prime;][vc_single_image media=\u00a0\u00bb87742&Prime; media_width_percent=\u00a0\u00bb100&Prime;][\/vc_column][vc_column width=\u00a0\u00bb1\/2&Prime;][vc_custom_heading]Nos horaires[\/vc_custom_heading][vc_message message_color=\u00a0\u00bbcolor-prif\u00a0\u00bb] R\u00e9ouverture le 14 mars 2026Ouvert les jours f\u00e9ri\u00e9s [\/vc_message][vc_tabs][vc_tab gutter_size=\u00a0\u00bb2&Prime; column_padding=\u00a0\u00bb2&Prime; title=\u00a0\u00bbMARS\u00a0\u00bb tab_id=\u00a0\u00bb1606498012-1-63&Prime;][vc_column_text]VENDREDI [&hellip;]\" \/>\n<meta property=\"og:url\" content=\"https:\/\/adr-cablepark.fr\/?page_id=87678\" \/>\n<meta property=\"og:site_name\" content=\"Advance Ride\" \/>\n<meta property=\"article:modified_time\" content=\"2026-02-10T08:52:17+00:00\" \/>\n<meta name=\"twitter:card\" content=\"summary_large_image\" \/>\n<meta name=\"twitter:label1\" content=\"Dur\u00e9e de lecture est.\">\n\t<meta name=\"twitter:data1\" content=\"2 minutes\">\n<script type=\"application\/ld+json\" class=\"yoast-schema-graph\">{\"@context\":\"https:\/\/schema.org\",\"@graph\":[{\"@type\":\"WebSite\",\"@id\":\"https:\/\/adr-cablepark.fr\/#website\",\"url\":\"https:\/\/adr-cablepark.fr\/\",\"name\":\"Advance Ride\",\"description\":\"Wakepark\",\"potentialAction\":[{\"@type\":\"SearchAction\",\"target\":\"https:\/\/adr-cablepark.fr\/?s={search_term_string}\",\"query-input\":\"required name=search_term_string\"}],\"inLanguage\":\"fr-FR\"},{\"@type\":\"WebPage\",\"@id\":\"https:\/\/adr-cablepark.fr\/?page_id=87678#webpage\",\"url\":\"https:\/\/adr-cablepark.fr\/?page_id=87678\",\"name\":\"Horaires - Advance Ride\",\"isPartOf\":{\"@id\":\"https:\/\/adr-cablepark.fr\/#website\"},\"datePublished\":\"2020-11-25T14:00:19+00:00\",\"dateModified\":\"2026-02-10T08:52:17+00:00\",\"breadcrumb\":{\"@id\":\"https:\/\/adr-cablepark.fr\/?page_id=87678#breadcrumb\"},\"inLanguage\":\"fr-FR\",\"potentialAction\":[{\"@type\":\"ReadAction\",\"target\":[\"https:\/\/adr-cablepark.fr\/?page_id=87678\"]}]},{\"@type\":\"BreadcrumbList\",\"@id\":\"https:\/\/adr-cablepark.fr\/?page_id=87678#breadcrumb\",\"itemListElement\":[{\"@type\":\"ListItem\",\"position\":1,\"item\":{\"@type\":\"WebPage\",\"@id\":\"https:\/\/adr-cablepark.fr\/\",\"url\":\"https:\/\/adr-cablepark.fr\/\",\"name\":\"Accueil\"}},{\"@type\":\"ListItem\",\"position\":2,\"item\":{\"@id\":\"https:\/\/adr-cablepark.fr\/?page_id=87678#webpage\"}}]}]}<\/script>\n<!-- \/ Yoast SEO plugin. -->","_links":{"self":[{"href":"https:\/\/adr-cablepark.fr\/index.php?rest_route=\/wp\/v2\/pages\/87678","targetHints":{"allow":["GET"]}}],"collection":[{"href":"https:\/\/adr-cablepark.fr\/index.php?rest_route=\/wp\/v2\/pages"}],"about":[{"href":"https:\/\/adr-cablepark.fr\/index.php?rest_route=\/wp\/v2\/types\/page"}],"author":[{"embeddable":true,"href":"https:\/\/adr-cablepark.fr\/index.php?rest_route=\/wp\/v2\/users\/1"}],"replies":[{"embeddable":true,"href":"https:\/\/adr-cablepark.fr\/index.php?rest_route=%2Fwp%2Fv2%2Fcomments&post=87678"}],"version-history":[{"count":29,"href":"https:\/\/adr-cablepark.fr\/index.php?rest_route=\/wp\/v2\/pages\/87678\/revisions"}],"predecessor-version":[{"id":88608,"href":"https:\/\/adr-cablepark.fr\/index.php?rest_route=\/wp\/v2\/pages\/87678\/revisions\/88608"}],"wp:attachment":[{"href":"https:\/\/adr-cablepark.fr\/index.php?rest_route=%2Fwp%2Fv2%2Fmedia&parent=87678"}],"curies":[{"name":"wp","href":"https:\/\/api.w.org\/{rel}","templated":true}]}}