{"id":87679,"date":"2020-11-25T15:00:20","date_gmt":"2020-11-25T14:00:20","guid":{"rendered":"http:\/\/adr-cablepark.fr\/?page_id=87679"},"modified":"2026-01-08T15:45:29","modified_gmt":"2026-01-08T14:45:29","slug":"tarifs-2","status":"publish","type":"page","link":"https:\/\/adr-cablepark.fr\/?page_id=87679","title":{"rendered":"Tarifs"},"content":{"rendered":"<p>[vc_row][vc_column column_width_percent=\u00a0\u00bb100&Prime; gutter_size=\u00a0\u00bb3&Prime; overlay_alpha=\u00a0\u00bb50&Prime; shift_x=\u00a0\u00bb0&Prime; shift_y=\u00a0\u00bb0&Prime; shift_y_down=\u00a0\u00bb0&Prime; z_index=\u00a0\u00bb0&Prime; medium_width=\u00a0\u00bb1&Prime; mobile_width=\u00a0\u00bb0&Prime; width=\u00a0\u00bb1\/1&Prime;][vc_custom_heading]Grand T\u00e9l\u00e9ski[\/vc_custom_heading][\/vc_column][\/vc_row][vc_row][vc_column width=\u00a0\u00bb1\/4&Prime;][uncode_pricing title=\u00a0\u00bb1h\u00a0\u00bb price=\u00a0\u00bb20\u20ac\u00a0\u00bb price_color=\u00a0\u00bbcolor-prif\u00a0\u00bb body=\u00a0\u00bbId\u00e9al pour d\u00e9couvrir l&rsquo;activit\u00e9 !\u00a0\u00bb][\/vc_column][vc_column width=\u00a0\u00bb1\/4&Prime;][uncode_pricing title=\u00a0\u00bbJOURN\u00c9E\u00a0\u00bb price=\u00a0\u00bb28\u20ac\u00a0\u00bb price_color=\u00a0\u00bbcolor-prif\u00a0\u00bb body=\u00a0\u00bbParfait pour progresser !\u00a0\u00bb][\/vc_column][vc_column width=\u00a0\u00bb1\/4&Prime;][vc_message message_color=\u00a0\u00bbcolor-143431&Prime;]Location en suppl\u00e9ment<br \/>\nWakeboard module : 5\u20ac<br \/>\nCombinaison : 4\u20ac[\/vc_message][vc_message message_color=\u00a0\u00bbcolor-742106&Prime;]AFTERWORK<br \/>\nTous les jeudis soir<br \/>\n18h-21h : 20\u20ac[\/vc_message][\/vc_column][\/vc_row][vc_row][vc_column width=\u00a0\u00bb1\/4&Prime;][vc_message message_color=\u00a0\u00bbcolor-143431&Prime;]Tarif inclus :<br \/>\nGilet, casque, kneeboard, ski nautique, wakeboard d\u00e9butant[\/vc_message][\/vc_column][\/vc_row][vc_row][vc_column width=\u00a0\u00bb1\/1&Prime;][vc_custom_heading]<\/p>\n<p><H3>Cartes<\/H3><\/p>\n<p>[\/vc_custom_heading][\/vc_column][\/vc_row][vc_row][vc_column width=\u00a0\u00bb1\/4&Prime;][uncode_pricing title=\u00a0\u00bbCarte 10 h\u00a0\u00bb price=\u00a0\u00bb180\u20ac\u00a0\u00bb price_color=\u00a0\u00bbcolor-143431&Prime; body=\u00a0\u00bboption mat\u00e9riel module\/combinaison : +20\u20ac<br \/>\nAucune date limite de validit\u00e9 !<br \/>\nPossibilit\u00e9 de r\u00e9server.<br \/>\n1h + 8\u20ac = Forfait Journ\u00e9e !!\u00a0\u00bb][\/vc_column][vc_column width=\u00a0\u00bb1\/4&Prime;][uncode_pricing title=\u00a0\u00bbCarte 20h\u00a0\u00bb price=\u00a0\u00bb280\u20ac\u00a0\u00bb body=\u00a0\u00bboption mat\u00e9riel module\/combinaison : +30\u20ac.<br \/>\nAucune date limite de validit\u00e9 !<br \/>\nPossibilit\u00e9 de r\u00e9server.<br \/>\n1h + 8\u20ac = Forfait Journ\u00e9e !!\u00a0\u00bb][\/vc_column][vc_column width=\u00a0\u00bb1\/4&Prime;][uncode_pricing title=\u00a0\u00bbCarte 50h\u00a0\u00bb price=\u00a0\u00bb480\u20ac\u00a0\u00bb body=\u00a0\u00bbOption mat\u00e9riel module\/combinaison : +50\u20ac<br \/>\nAucune date limite de validit\u00e9 !<br \/>\nPossibilit\u00e9 de r\u00e9server.<br \/>\n1h + 8\u20ac = Forfait Journ\u00e9e !!\u00a0\u00bb][uncode_pricing title=\u00a0\u00bbMoins de 18 ans\u00a0\u00bb price=\u00a0\u00bb-20%\u00a0\u00bb body=\u00a0\u00bbValable sur toutes les cartes. Carte nominative.\u00a0\u00bb][\/vc_column][\/vc_row]<\/p>\n","protected":false},"excerpt":{"rendered":"<p>[vc_row][vc_column column_width_percent=\u00a0\u00bb100&Prime; gutter_size=\u00a0\u00bb3&Prime; overlay_alpha=\u00a0\u00bb50&Prime; shift_x=\u00a0\u00bb0&Prime; shift_y=\u00a0\u00bb0&Prime; shift_y_down=\u00a0\u00bb0&Prime; z_index=\u00a0\u00bb0&Prime; medium_width=\u00a0\u00bb1&Prime; mobile_width=\u00a0\u00bb0&Prime; width=\u00a0\u00bb1\/1&Prime;][vc_custom_heading]Grand T\u00e9l\u00e9ski[\/vc_custom_heading][\/vc_column][\/vc_row][vc_row][vc_column width=\u00a0\u00bb1\/4&Prime;][uncode_pricing title=\u00a0\u00bb1h\u00a0\u00bb price=\u00a0\u00bb20\u20ac\u00a0\u00bb price_color=\u00a0\u00bbcolor-prif\u00a0\u00bb body=\u00a0\u00bbId\u00e9al pour d\u00e9couvrir l&rsquo;activit\u00e9 [&hellip;]<\/p>\n","protected":false},"author":1,"featured_media":0,"parent":0,"menu_order":0,"comment_status":"closed","ping_status":"closed","template":"","meta":{"spay_email":"","footnotes":""},"class_list":["post-87679","page","type-page","status-publish","hentry"],"yoast_head":"<!-- This site is optimized with the Yoast SEO plugin v16.3 - https:\/\/yoast.com\/wordpress\/plugins\/seo\/ -->\n<title>Tarifs - Advance Ride<\/title>\n<meta name=\"robots\" content=\"index, follow, max-snippet:-1, max-image-preview:large, max-video-preview:-1\" \/>\n<link rel=\"canonical\" href=\"https:\/\/adr-cablepark.fr\/?page_id=87679\" \/>\n<meta property=\"og:locale\" content=\"fr_FR\" \/>\n<meta property=\"og:type\" content=\"article\" \/>\n<meta property=\"og:title\" content=\"Tarifs - Advance Ride\" \/>\n<meta property=\"og:description\" content=\"[vc_row][vc_column column_width_percent=\u00a0\u00bb100&Prime; gutter_size=\u00a0\u00bb3&Prime; overlay_alpha=\u00a0\u00bb50&Prime; shift_x=\u00a0\u00bb0&Prime; shift_y=\u00a0\u00bb0&Prime; shift_y_down=\u00a0\u00bb0&Prime; z_index=\u00a0\u00bb0&Prime; medium_width=\u00a0\u00bb1&Prime; mobile_width=\u00a0\u00bb0&Prime; width=\u00a0\u00bb1\/1&Prime;][vc_custom_heading]Grand T\u00e9l\u00e9ski[\/vc_custom_heading][\/vc_column][\/vc_row][vc_row][vc_column width=\u00a0\u00bb1\/4&Prime;][uncode_pricing title=\u00a0\u00bb1h\u00a0\u00bb price=\u00a0\u00bb20\u20ac\u00a0\u00bb price_color=\u00a0\u00bbcolor-prif\u00a0\u00bb body=\u00a0\u00bbId\u00e9al pour d\u00e9couvrir l&rsquo;activit\u00e9 [&hellip;]\" \/>\n<meta property=\"og:url\" content=\"https:\/\/adr-cablepark.fr\/?page_id=87679\" \/>\n<meta property=\"og:site_name\" content=\"Advance Ride\" \/>\n<meta property=\"article:modified_time\" content=\"2026-01-08T14:45:29+00:00\" \/>\n<meta name=\"twitter:card\" content=\"summary_large_image\" \/>\n<meta name=\"twitter:label1\" content=\"Dur\u00e9e de lecture est.\">\n\t<meta name=\"twitter:data1\" content=\"1 minute\">\n<script type=\"application\/ld+json\" class=\"yoast-schema-graph\">{\"@context\":\"https:\/\/schema.org\",\"@graph\":[{\"@type\":\"WebSite\",\"@id\":\"https:\/\/adr-cablepark.fr\/#website\",\"url\":\"https:\/\/adr-cablepark.fr\/\",\"name\":\"Advance Ride\",\"description\":\"Wakepark\",\"potentialAction\":[{\"@type\":\"SearchAction\",\"target\":\"https:\/\/adr-cablepark.fr\/?s={search_term_string}\",\"query-input\":\"required name=search_term_string\"}],\"inLanguage\":\"fr-FR\"},{\"@type\":\"WebPage\",\"@id\":\"https:\/\/adr-cablepark.fr\/?page_id=87679#webpage\",\"url\":\"https:\/\/adr-cablepark.fr\/?page_id=87679\",\"name\":\"Tarifs - Advance Ride\",\"isPartOf\":{\"@id\":\"https:\/\/adr-cablepark.fr\/#website\"},\"datePublished\":\"2020-11-25T14:00:20+00:00\",\"dateModified\":\"2026-01-08T14:45:29+00:00\",\"breadcrumb\":{\"@id\":\"https:\/\/adr-cablepark.fr\/?page_id=87679#breadcrumb\"},\"inLanguage\":\"fr-FR\",\"potentialAction\":[{\"@type\":\"ReadAction\",\"target\":[\"https:\/\/adr-cablepark.fr\/?page_id=87679\"]}]},{\"@type\":\"BreadcrumbList\",\"@id\":\"https:\/\/adr-cablepark.fr\/?page_id=87679#breadcrumb\",\"itemListElement\":[{\"@type\":\"ListItem\",\"position\":1,\"item\":{\"@type\":\"WebPage\",\"@id\":\"https:\/\/adr-cablepark.fr\/\",\"url\":\"https:\/\/adr-cablepark.fr\/\",\"name\":\"Accueil\"}},{\"@type\":\"ListItem\",\"position\":2,\"item\":{\"@id\":\"https:\/\/adr-cablepark.fr\/?page_id=87679#webpage\"}}]}]}<\/script>\n<!-- \/ Yoast SEO plugin. -->","_links":{"self":[{"href":"https:\/\/adr-cablepark.fr\/index.php?rest_route=\/wp\/v2\/pages\/87679","targetHints":{"allow":["GET"]}}],"collection":[{"href":"https:\/\/adr-cablepark.fr\/index.php?rest_route=\/wp\/v2\/pages"}],"about":[{"href":"https:\/\/adr-cablepark.fr\/index.php?rest_route=\/wp\/v2\/types\/page"}],"author":[{"embeddable":true,"href":"https:\/\/adr-cablepark.fr\/index.php?rest_route=\/wp\/v2\/users\/1"}],"replies":[{"embeddable":true,"href":"https:\/\/adr-cablepark.fr\/index.php?rest_route=%2Fwp%2Fv2%2Fcomments&post=87679"}],"version-history":[{"count":26,"href":"https:\/\/adr-cablepark.fr\/index.php?rest_route=\/wp\/v2\/pages\/87679\/revisions"}],"predecessor-version":[{"id":88604,"href":"https:\/\/adr-cablepark.fr\/index.php?rest_route=\/wp\/v2\/pages\/87679\/revisions\/88604"}],"wp:attachment":[{"href":"https:\/\/adr-cablepark.fr\/index.php?rest_route=%2Fwp%2Fv2%2Fmedia&parent=87679"}],"curies":[{"name":"wp","href":"https:\/\/api.w.org\/{rel}","templated":true}]}}