{"id":88515,"date":"2025-11-17T10:32:57","date_gmt":"2025-11-17T09:32:57","guid":{"rendered":"https:\/\/adr-cablepark.fr\/?post_type=product&#038;p=88515"},"modified":"2026-04-03T08:56:57","modified_gmt":"2026-04-03T07:56:57","slug":"privatisation-10h-13h","status":"publish","type":"product","link":"https:\/\/adr-cablepark.fr\/?product=privatisation-10h-13h","title":{"rendered":"Privatisation 10h-12h30"},"content":{"rendered":"<p>La privatisation en matin\u00e9e peut convenir \u00e0 un club, \u00e0 un groupe d&rsquo;amis, \u00e0 une entreprise et jusqu&rsquo;\u00e0 15 personnes. (Nous consulter si groupe plus important). Tout le mat\u00e9riel est inclus. Peu importe le niveau !<br \/>\nR\u00e9servation quelques jours avant.<br \/>\nProduit valable tous les jours en semaine d&rsquo;avril \u00e0 octobre.<\/p>\n","protected":false},"excerpt":{"rendered":"<p>La privatisation en matin\u00e9e peut convenir \u00e0 un club, \u00e0 un groupe d&rsquo;amis, \u00e0 une entreprise et jusqu&rsquo;\u00e0 15 personnes. [&hellip;]<\/p>\n","protected":false},"featured_media":88517,"template":"","meta":{"spay_email":""},"product_cat":[188],"product_tag":[],"class_list":{"0":"post-88515","1":"product","2":"type-product","3":"status-publish","4":"has-post-thumbnail","6":"product_cat-forfaits","8":"first","9":"instock","10":"taxable","11":"shipping-taxable","12":"purchasable","13":"product-type-simple"},"yoast_head":"<!-- This site is optimized with the Yoast SEO plugin v16.3 - https:\/\/yoast.com\/wordpress\/plugins\/seo\/ -->\n<title>Privatisation 10h-12h30 - Advance Ride<\/title>\n<meta name=\"robots\" content=\"index, follow, max-snippet:-1, max-image-preview:large, max-video-preview:-1\" \/>\n<link rel=\"canonical\" href=\"https:\/\/adr-cablepark.fr\/?product=privatisation-10h-13h\" \/>\n<meta property=\"og:locale\" content=\"fr_FR\" \/>\n<meta property=\"og:type\" content=\"article\" \/>\n<meta property=\"og:title\" content=\"Privatisation 10h-12h30 - Advance Ride\" \/>\n<meta property=\"og:description\" content=\"La privatisation en matin\u00e9e peut convenir \u00e0 un club, \u00e0 un groupe d&rsquo;amis, \u00e0 une entreprise et jusqu&rsquo;\u00e0 15 personnes. [&hellip;]\" \/>\n<meta property=\"og:url\" content=\"https:\/\/adr-cablepark.fr\/?product=privatisation-10h-13h\" \/>\n<meta property=\"og:site_name\" content=\"Advance Ride\" \/>\n<meta property=\"article:modified_time\" content=\"2026-04-03T07:56:57+00:00\" \/>\n<meta property=\"og:image\" content=\"https:\/\/adr-cablepark.fr\/wp-content\/uploads\/Capture-decran-2025-11-17-a-10.28.01-1024x747.png\" \/>\n\t<meta property=\"og:image:width\" content=\"1024\" \/>\n\t<meta property=\"og:image:height\" content=\"747\" \/>\n<meta name=\"twitter:card\" content=\"summary_large_image\" \/>\n<script type=\"application\/ld+json\" class=\"yoast-schema-graph\">{\"@context\":\"https:\/\/schema.org\",\"@graph\":[{\"@type\":\"WebSite\",\"@id\":\"https:\/\/adr-cablepark.fr\/#website\",\"url\":\"https:\/\/adr-cablepark.fr\/\",\"name\":\"Advance Ride\",\"description\":\"Wakepark\",\"potentialAction\":[{\"@type\":\"SearchAction\",\"target\":\"https:\/\/adr-cablepark.fr\/?s={search_term_string}\",\"query-input\":\"required name=search_term_string\"}],\"inLanguage\":\"fr-FR\"},{\"@type\":\"ImageObject\",\"@id\":\"https:\/\/adr-cablepark.fr\/?product=privatisation-10h-13h#primaryimage\",\"inLanguage\":\"fr-FR\",\"url\":\"https:\/\/adr-cablepark.fr\/wp-content\/uploads\/Capture-decran-2025-11-17-a-10.28.01.png\",\"contentUrl\":\"https:\/\/adr-cablepark.fr\/wp-content\/uploads\/Capture-decran-2025-11-17-a-10.28.01.png\",\"width\":1170,\"height\":854},{\"@type\":\"WebPage\",\"@id\":\"https:\/\/adr-cablepark.fr\/?product=privatisation-10h-13h#webpage\",\"url\":\"https:\/\/adr-cablepark.fr\/?product=privatisation-10h-13h\",\"name\":\"Privatisation 10h-12h30 - Advance Ride\",\"isPartOf\":{\"@id\":\"https:\/\/adr-cablepark.fr\/#website\"},\"primaryImageOfPage\":{\"@id\":\"https:\/\/adr-cablepark.fr\/?product=privatisation-10h-13h#primaryimage\"},\"datePublished\":\"2025-11-17T09:32:57+00:00\",\"dateModified\":\"2026-04-03T07:56:57+00:00\",\"breadcrumb\":{\"@id\":\"https:\/\/adr-cablepark.fr\/?product=privatisation-10h-13h#breadcrumb\"},\"inLanguage\":\"fr-FR\",\"potentialAction\":[{\"@type\":\"ReadAction\",\"target\":[\"https:\/\/adr-cablepark.fr\/?product=privatisation-10h-13h\"]}]},{\"@type\":\"BreadcrumbList\",\"@id\":\"https:\/\/adr-cablepark.fr\/?product=privatisation-10h-13h#breadcrumb\",\"itemListElement\":[{\"@type\":\"ListItem\",\"position\":1,\"item\":{\"@type\":\"WebPage\",\"@id\":\"https:\/\/adr-cablepark.fr\/\",\"url\":\"https:\/\/adr-cablepark.fr\/\",\"name\":\"Accueil\"}},{\"@type\":\"ListItem\",\"position\":2,\"item\":{\"@type\":\"WebPage\",\"@id\":\"https:\/\/adr-cablepark.fr\/?page_id=2271\",\"url\":\"https:\/\/adr-cablepark.fr\/?page_id=2271\",\"name\":\"Boutique\"}},{\"@type\":\"ListItem\",\"position\":3,\"item\":{\"@id\":\"https:\/\/adr-cablepark.fr\/?product=privatisation-10h-13h#webpage\"}}]}]}<\/script>\n<!-- \/ Yoast SEO plugin. -->","_links":{"self":[{"href":"https:\/\/adr-cablepark.fr\/index.php?rest_route=\/wp\/v2\/product\/88515","targetHints":{"allow":["GET"]}}],"collection":[{"href":"https:\/\/adr-cablepark.fr\/index.php?rest_route=\/wp\/v2\/product"}],"about":[{"href":"https:\/\/adr-cablepark.fr\/index.php?rest_route=\/wp\/v2\/types\/product"}],"wp:featuredmedia":[{"embeddable":true,"href":"https:\/\/adr-cablepark.fr\/index.php?rest_route=\/wp\/v2\/media\/88517"}],"wp:attachment":[{"href":"https:\/\/adr-cablepark.fr\/index.php?rest_route=%2Fwp%2Fv2%2Fmedia&parent=88515"}],"wp:term":[{"taxonomy":"product_cat","embeddable":true,"href":"https:\/\/adr-cablepark.fr\/index.php?rest_route=%2Fwp%2Fv2%2Fproduct_cat&post=88515"},{"taxonomy":"product_tag","embeddable":true,"href":"https:\/\/adr-cablepark.fr\/index.php?rest_route=%2Fwp%2Fv2%2Fproduct_tag&post=88515"}],"curies":[{"name":"wp","href":"https:\/\/api.w.org\/{rel}","templated":true}]}}